{"id":25,"date":"2021-03-28T10:44:06","date_gmt":"2021-03-28T08:44:06","guid":{"rendered":"http:\/\/lesghuidussenvadrouille.fr\/?page_id=25"},"modified":"2022-10-17T10:19:11","modified_gmt":"2022-10-17T08:19:11","slug":"accueil","status":"publish","type":"page","link":"https:\/\/lesghuidussenvadrouille.fr\/","title":{"rendered":"Les ghuiduss en vadrouille                                                           Oser vivre hors des limites"},"content":{"rendered":"\r\n<div class=\"wp-block-group is-layout-flow wp-block-group-is-layout-flow\">\r\n<div class=\"wp-block-group__inner-container\">\r\n<h3><span style=\"color: #0000ff;\"><em><span style=\"color: #0000ff;\">Une nouvelle aventure sera racont\u00e9e sur ce blog, car nous avons suspendu notre aventure \u00e0 travers l&rsquo;Asie le 31 <span style=\"font-size: 18.72px;\">ao\u00fbt<\/span> 2022 pour s&rsquo;arr\u00eater en G\u00e9orgie.<\/span><\/em><\/span><\/h3>\r\n<h3><em><span style=\"color: #000000;\"><span style=\"color: #000000;\">Bienvenue chez nous dans notre aventure<\/span><\/span><\/em><\/h3>\r\n<\/div>\r\n<div class=\"wp-block-group__inner-container\">\r\n<p style=\"text-align: left;\"><span style=\"color: #000000;\"><strong><em>Nous sommes des \u00ab\u00a0aventuriers nomadismes\u00a0\u00bb. Nous avons d\u00e9j\u00e0 effectu\u00e9 une premi\u00e8re aventure en camping -car du 11 avril jusqu&rsquo;au 31 octobre 2018 , un tour d\u2019Europe incluant Maroc et Turquie (voir blog 2018).<\/em><\/strong><\/span><\/p>\r\n<p style=\"text-align: left;\"><span style=\"color: #000000;\"><strong><em>Nous avions ador\u00e9 et notre envie de bougeotte nous reprend, donc cette fois on est en camion am\u00e9nag\u00e9 de 9.5 T et nous ne serons que 3, id\u00e9alement d\u00e9part pr\u00e9vu, le 4 mars 2021 puis le 7 avril au final nous sommes parti le 3 mai 2021 via l&rsquo;Asie pour au minimum de 2 ans. Et nous avons tout vendu.<\/em><\/strong><\/span><\/p>\r\n<p style=\"text-align: left;\"><span style=\"color: #000000;\"><strong><em>C&rsquo;est un peu r\u00e9sum\u00e9 mais nous essaierons de mettre \u00e0 jour le plus possible notre blog pour la famille, les amis, les personnes rencontr\u00e9s et ceux qui ont besoin d&rsquo;info.<\/em><\/strong><\/span><\/p>\r\n<p><img loading=\"lazy\" decoding=\"async\" class=\"alignleft wp-image-436\" src=\"https:\/\/lesghuidussenvadrouille.fr\/wp-content\/uploads\/2018\/03\/28701451_1834395873249998_8001454350757512709_o-300x225.jpg\" alt=\"\" width=\"347\" height=\"260\" srcset=\"https:\/\/lesghuidussenvadrouille.fr\/wp-content\/uploads\/2018\/03\/28701451_1834395873249998_8001454350757512709_o-300x225.jpg 300w, https:\/\/lesghuidussenvadrouille.fr\/wp-content\/uploads\/2018\/03\/28701451_1834395873249998_8001454350757512709_o-768x576.jpg 768w, https:\/\/lesghuidussenvadrouille.fr\/wp-content\/uploads\/2018\/03\/28701451_1834395873249998_8001454350757512709_o-1024x768.jpg 1024w, https:\/\/lesghuidussenvadrouille.fr\/wp-content\/uploads\/2018\/03\/28701451_1834395873249998_8001454350757512709_o.jpg 1440w\" sizes=\"auto, (max-width: 347px) 100vw, 347px\" \/><\/p>\r\n<h5><span style=\"color: #000000;\"><strong><img loading=\"lazy\" decoding=\"async\" class=\"alignnone wp-image-2874\" src=\"https:\/\/lesghuidussenvadrouille.fr\/wp-content\/uploads\/2020\/10\/IMG_5910-2-300x300.jpg\" alt=\"\" width=\"270\" height=\"270\" srcset=\"https:\/\/lesghuidussenvadrouille.fr\/wp-content\/uploads\/2020\/10\/IMG_5910-2-300x300.jpg 300w, https:\/\/lesghuidussenvadrouille.fr\/wp-content\/uploads\/2020\/10\/IMG_5910-2-1024x1024.jpg 1024w, https:\/\/lesghuidussenvadrouille.fr\/wp-content\/uploads\/2020\/10\/IMG_5910-2-150x150.jpg 150w, https:\/\/lesghuidussenvadrouille.fr\/wp-content\/uploads\/2020\/10\/IMG_5910-2-768x768.jpg 768w, https:\/\/lesghuidussenvadrouille.fr\/wp-content\/uploads\/2020\/10\/IMG_5910-2-1536x1536.jpg 1536w, https:\/\/lesghuidussenvadrouille.fr\/wp-content\/uploads\/2020\/10\/IMG_5910-2-2048x2048.jpg 2048w\" sizes=\"auto, (max-width: 270px) 100vw, 270px\" \/><\/strong><\/span><\/h5>\r\n<h4><span style=\"color: #000000;\"><strong><span style=\"color: #ff0000;\">\u2190Notre famille<\/span><\/strong><\/span><\/h4>\r\n<h4><span style=\"color: #ff0000;\"><strong>\u00a0 \u00a0 \u00a0 \u00a0 \u00a0 \u00a0 \u00a0 \u00a0 \u00a0 \u00a0 \u00a0 \u00a0 \u00a0 \u00a0 \u00a0 \u00a0 \u00a0 \u00a0 \u00a0 \u00a0 \u00a0 \u00a0 \u00a0 \u00a0 \u00a0 Les participants \u00e0 l&rsquo;aventure \u2192<\/strong><\/span><\/h4>\r\n<p style=\"text-align: left;\"><strong><span style=\"color: #993366;\">Le nouveau membre de la famille \u00ab\u00a0CAYON\u00a0\u00bb<\/span><\/strong><\/p>\r\n<div id=\"attachment_2928\" style=\"width: 530px\" class=\"wp-caption aligncenter\"><img loading=\"lazy\" decoding=\"async\" aria-describedby=\"caption-attachment-2928\" class=\"wp-image-2928 size-full\" src=\"https:\/\/lesghuidussenvadrouille.fr\/wp-content\/uploads\/2020\/10\/122817247_380225286441078_7152343987284815103_n-e1609519793902.jpg\" alt=\"\" width=\"520\" height=\"312\" \/><p id=\"caption-attachment-2928\" class=\"wp-caption-text\">Maintenant<\/p><\/div>\r\n<p><strong><span style=\"color: #0000ff;\">Le nouveau logo de \u00ab\u00a0cayon\u00a0\u00bb toujours cr\u00e9e par Adrien, et celui d&rsquo;Ycare le camping car, l&rsquo;artiste de la famille:<\/span><\/strong><\/p>\r\n\n\t\t<style type=\"text\/css\">\n\t\t\t#gallery-1 {\n\t\t\t\tmargin: auto;\n\t\t\t}\n\t\t\t#gallery-1 .gallery-item {\n\t\t\t\tfloat: left;\n\t\t\t\tmargin-top: 10px;\n\t\t\t\ttext-align: center;\n\t\t\t\twidth: 50%;\n\t\t\t}\n\t\t\t#gallery-1 img {\n\t\t\t\tborder: 2px solid #cfcfcf;\n\t\t\t}\n\t\t\t#gallery-1 .gallery-caption {\n\t\t\t\tmargin-left: 0;\n\t\t\t}\n\t\t\t\/* see gallery_shortcode() in wp-includes\/media.php *\/\n\t\t<\/style>\n\t\t<div id='gallery-1' class='gallery galleryid-25 gallery-columns-2 gallery-size-large'><dl class='gallery-item'>\n\t\t\t<dt class='gallery-icon landscape'>\n\t\t\t\t<a href='https:\/\/lesghuidussenvadrouille.fr\/index.php\/accueil\/logo-cayon-2\/'><img loading=\"lazy\" decoding=\"async\" width=\"280\" height=\"203\" src=\"https:\/\/lesghuidussenvadrouille.fr\/wp-content\/uploads\/2021\/03\/logo-cayon-e1616936030563.png\" class=\"attachment-large size-large\" alt=\"\" aria-describedby=\"gallery-1-3240\" \/><\/a>\n\t\t\t<\/dt>\n\t\t\t\t<dd class='wp-caption-text gallery-caption' id='gallery-1-3240'>\n\t\t\t\tCayon\n\t\t\t\t<\/dd><\/dl><dl class='gallery-item'>\n\t\t\t<dt class='gallery-icon landscape'>\n\t\t\t\t<a href='https:\/\/lesghuidussenvadrouille.fr\/index.php\/accueil\/cropped-logo-001-1-jpg\/'><img loading=\"lazy\" decoding=\"async\" width=\"1024\" height=\"672\" src=\"https:\/\/lesghuidussenvadrouille.fr\/wp-content\/uploads\/2018\/01\/cropped-logo-001-2-1024x672.jpg\" class=\"attachment-large size-large\" alt=\"\" aria-describedby=\"gallery-1-294\" srcset=\"https:\/\/lesghuidussenvadrouille.fr\/wp-content\/uploads\/2018\/01\/cropped-logo-001-2-1024x672.jpg 1024w, https:\/\/lesghuidussenvadrouille.fr\/wp-content\/uploads\/2018\/01\/cropped-logo-001-2-300x197.jpg 300w, https:\/\/lesghuidussenvadrouille.fr\/wp-content\/uploads\/2018\/01\/cropped-logo-001-2-768x504.jpg 768w, https:\/\/lesghuidussenvadrouille.fr\/wp-content\/uploads\/2018\/01\/cropped-logo-001-2.jpg 1500w\" sizes=\"auto, (max-width: 1024px) 100vw, 1024px\" \/><\/a>\n\t\t\t<\/dt>\n\t\t\t\t<dd class='wp-caption-text gallery-caption' id='gallery-1-294'>\n\t\t\t\tYcare\n\t\t\t\t<\/dd><\/dl><br style=\"clear: both\" \/>\n\t\t<\/div>\n\r\n<p>&nbsp;<\/p>\r\n<\/div>\r\n<\/div>\r\n","protected":false},"excerpt":{"rendered":"<p>Une nouvelle aventure sera racont\u00e9e sur ce blog, car nous avons suspendu notre aventure \u00e0 travers l&rsquo;Asie le 31 ao\u00fbt 2022 pour s&rsquo;arr\u00eater en G\u00e9orgie. Bienvenue chez nous dans notre aventure Nous sommes des \u00ab\u00a0aventuriers nomadismes\u00a0\u00bb. Nous avons d\u00e9j\u00e0 effectu\u00e9 une premi\u00e8re aventure en camping -car du 11 avril jusqu&rsquo;au 31 octobre 2018 , un [&hellip;]<\/p>\n","protected":false},"author":1,"featured_media":0,"parent":0,"menu_order":0,"comment_status":"closed","ping_status":"closed","template":"","meta":{"footnotes":""},"class_list":["post-25","page","type-page","status-publish","hentry"],"_links":{"self":[{"href":"https:\/\/lesghuidussenvadrouille.fr\/index.php\/wp-json\/wp\/v2\/pages\/25","targetHints":{"allow":["GET"]}}],"collection":[{"href":"https:\/\/lesghuidussenvadrouille.fr\/index.php\/wp-json\/wp\/v2\/pages"}],"about":[{"href":"https:\/\/lesghuidussenvadrouille.fr\/index.php\/wp-json\/wp\/v2\/types\/page"}],"author":[{"embeddable":true,"href":"https:\/\/lesghuidussenvadrouille.fr\/index.php\/wp-json\/wp\/v2\/users\/1"}],"replies":[{"embeddable":true,"href":"https:\/\/lesghuidussenvadrouille.fr\/index.php\/wp-json\/wp\/v2\/comments?post=25"}],"version-history":[{"count":75,"href":"https:\/\/lesghuidussenvadrouille.fr\/index.php\/wp-json\/wp\/v2\/pages\/25\/revisions"}],"predecessor-version":[{"id":6573,"href":"https:\/\/lesghuidussenvadrouille.fr\/index.php\/wp-json\/wp\/v2\/pages\/25\/revisions\/6573"}],"wp:attachment":[{"href":"https:\/\/lesghuidussenvadrouille.fr\/index.php\/wp-json\/wp\/v2\/media?parent=25"}],"curies":[{"name":"wp","href":"https:\/\/api.w.org\/{rel}","templated":true}]}}