{"id":26,"date":"2017-11-22T10:44:06","date_gmt":"2017-11-22T09:44:06","guid":{"rendered":"http:\/\/lesghuidussenvadrouille.fr\/?page_id=26"},"modified":"2022-02-10T16:52:53","modified_gmt":"2022-02-10T15:52:53","slug":"a-propos-de","status":"publish","type":"page","link":"https:\/\/lesghuidussenvadrouille.fr\/index.php\/a-propos-de\/","title":{"rendered":"\u00c0 propos"},"content":{"rendered":"\r\n<h4 class=\"wp-block-heading\"><span class=\"has-inline-color has-black-color\" style=\"color: #000000;\"><strong>Nous sommes une famille recompos\u00e9e: de 5 enfants, des parents et un petit chien. Nous partons cette fois vers l\u2019Asie, on verra jusqu\u2019ou nous irons (y a le m\u00e9chant virus Covid qui rode) .<\/strong><\/span><\/h4>\r\n\r\n\r\n\r\n<h3 class=\"wp-block-heading\"><em><span class=\"has-inline-color has-black-color\" style=\"color: #800000;\">Mais cette fois-ci, nous partons \u00e0 3 Nina et nous les parents.<\/span><\/em><\/h3>\r\n\r\n\r\n\r\n<p>&nbsp;<\/p>\r\n\r\n\r\n\r\n<div class=\"wp-block-image\">\r\n<figure class=\"alignleft\"><img decoding=\"async\" class=\"wp-image-2804\" src=\"https:\/\/i1.wp.com\/lesghuidussenvadrouille.fr\/wp-content\/uploads\/2020\/09\/IMG_5801-2.jpg?resize=150%2C150\" alt=\"\" \/><\/figure>\r\n<\/div>\r\n\r\n\r\n\r\n<p><span style=\"color: #000000;\"><strong><span class=\"has-inline-color has-black-color\">Nina, 11 ans, pleine de vie, curieuse aime faire des rencontres.\u00a0 Elle a son petit caract\u00e8re bien tremp\u00e9e. Elle sera en mi- sixi\u00e8me et au retour\u00a0mi- quatri\u00e8me.<\/span><\/strong><\/span><\/p>\r\n\r\n\r\n\r\n<p>&nbsp;<\/p>\r\n\r\n\r\n\r\n<div class=\"wp-block-image\">\r\n<figure class=\"alignleft is-resized\"><img loading=\"lazy\" decoding=\"async\" class=\"wp-image-2805\" src=\"https:\/\/i1.wp.com\/lesghuidussenvadrouille.fr\/wp-content\/uploads\/2020\/09\/IMG_5873-2.jpg?resize=150%2C150\" alt=\"\" width=\"146\" height=\"146\" srcset=\"https:\/\/lesghuidussenvadrouille.fr\/wp-content\/uploads\/2020\/09\/IMG_5873-2.jpg 1839w, https:\/\/lesghuidussenvadrouille.fr\/wp-content\/uploads\/2020\/09\/IMG_5873-2-300x300.jpg 300w, https:\/\/lesghuidussenvadrouille.fr\/wp-content\/uploads\/2020\/09\/IMG_5873-2-1024x1024.jpg 1024w, https:\/\/lesghuidussenvadrouille.fr\/wp-content\/uploads\/2020\/09\/IMG_5873-2-150x150.jpg 150w, https:\/\/lesghuidussenvadrouille.fr\/wp-content\/uploads\/2020\/09\/IMG_5873-2-768x768.jpg 768w, https:\/\/lesghuidussenvadrouille.fr\/wp-content\/uploads\/2020\/09\/IMG_5873-2-1536x1536.jpg 1536w\" sizes=\"auto, (max-width: 146px) 100vw, 146px\" \/><\/figure>\r\n<\/div>\r\n\r\n\r\n\r\n<p><span style=\"color: #000000;\"><strong><span class=\"has-inline-color has-black-color\">S\u00e9bastien, dit \u201d C\u00e9c\u00e9\u201d, 42 ans, chef d\u2019\u00e9quipe dans le TP sera notre chauffeur, notre m\u00e9cano et surtout notre Mcgyver. Il adore conduire, pour lui l\u00e0 ou on va il n\u2019y a pas de route \u2026<\/span><\/strong><\/span><\/p>\r\n\r\n\r\n\r\n<p>&nbsp;<\/p>\r\n\r\n\r\n\r\n<div class=\"wp-block-image\">\r\n<figure class=\"alignleft is-resized\"><img loading=\"lazy\" decoding=\"async\" class=\"wp-image-2807\" src=\"https:\/\/i2.wp.com\/lesghuidussenvadrouille.fr\/wp-content\/uploads\/2020\/09\/IMG_5944-2.jpg?resize=150%2C150\" alt=\"\" width=\"136\" height=\"136\" srcset=\"https:\/\/lesghuidussenvadrouille.fr\/wp-content\/uploads\/2020\/09\/IMG_5944-2.jpg 2151w, https:\/\/lesghuidussenvadrouille.fr\/wp-content\/uploads\/2020\/09\/IMG_5944-2-300x300.jpg 300w, https:\/\/lesghuidussenvadrouille.fr\/wp-content\/uploads\/2020\/09\/IMG_5944-2-1024x1024.jpg 1024w, https:\/\/lesghuidussenvadrouille.fr\/wp-content\/uploads\/2020\/09\/IMG_5944-2-150x150.jpg 150w, https:\/\/lesghuidussenvadrouille.fr\/wp-content\/uploads\/2020\/09\/IMG_5944-2-768x768.jpg 768w, https:\/\/lesghuidussenvadrouille.fr\/wp-content\/uploads\/2020\/09\/IMG_5944-2-1536x1536.jpg 1536w, https:\/\/lesghuidussenvadrouille.fr\/wp-content\/uploads\/2020\/09\/IMG_5944-2-2048x2048.jpg 2048w\" sizes=\"auto, (max-width: 136px) 100vw, 136px\" \/><\/figure>\r\n<\/div>\r\n\r\n\r\n\r\n<p><span style=\"color: #000000;\"><strong><span class=\"has-inline-color has-black-color\">Emi, 42 ans, m\u00e8re au foyer. Elle est l\u2019organisatrice, la tr\u00e9sori\u00e8re , l\u2019intendante et la \u201cMa\u00eetresse\u201d. Pour elle le voyage ouvre l\u2019horizon.<\/span><\/strong><\/span><\/p>\r\n\r\n\r\n\r\n<p>&nbsp;<\/p>\r\n\r\n\r\n\r\n<p>&nbsp;<\/p>\r\n\r\n\r\n\r\n<p>&nbsp;<\/p>\r\n\r\n\r\n\r\n<h3 class=\"has-text-align-center wp-block-heading\"><em><span style=\"color: #800000;\"><span class=\"has-inline-color has-black-color\">Mes garcons qui restent en France:<\/span><\/span><\/em><\/h3>\r\n\r\n\r\n\r\n<div class=\"wp-block-image\">\r\n<figure class=\"aligncenter is-resized\"><img loading=\"lazy\" decoding=\"async\" class=\"wp-image-2811\" src=\"https:\/\/i1.wp.com\/lesghuidussenvadrouille.fr\/wp-content\/uploads\/2020\/09\/IMG_5790-2.jpg?resize=150%2C150\" alt=\"\" width=\"148\" height=\"148\" \/><\/figure>\r\n<\/div>\r\n\r\n\r\n\r\n\r\n\r\n<p><span style=\"color: #000000;\"><strong><span class=\"has-inline-color has-black-color\">Owen, 15 ans, en CAP cuisine, sportif et blagueur de la famille. Vit chez son p\u00e8re\u00a0<\/span><\/strong><\/span><\/p>\r\n\r\n\r\n\r\n<div class=\"wp-block-image\">\r\n<figure class=\"aligncenter is-resized\"><img loading=\"lazy\" decoding=\"async\" class=\"wp-image-2810\" src=\"https:\/\/i0.wp.com\/lesghuidussenvadrouille.fr\/wp-content\/uploads\/2020\/09\/IMG_5786-2.jpg?resize=150%2C150\" alt=\"\" width=\"145\" height=\"145\" srcset=\"https:\/\/lesghuidussenvadrouille.fr\/wp-content\/uploads\/2020\/09\/IMG_5786-2.jpg 2048w, https:\/\/lesghuidussenvadrouille.fr\/wp-content\/uploads\/2020\/09\/IMG_5786-2-300x300.jpg 300w, https:\/\/lesghuidussenvadrouille.fr\/wp-content\/uploads\/2020\/09\/IMG_5786-2-1024x1024.jpg 1024w, https:\/\/lesghuidussenvadrouille.fr\/wp-content\/uploads\/2020\/09\/IMG_5786-2-150x150.jpg 150w, https:\/\/lesghuidussenvadrouille.fr\/wp-content\/uploads\/2020\/09\/IMG_5786-2-768x768.jpg 768w, https:\/\/lesghuidussenvadrouille.fr\/wp-content\/uploads\/2020\/09\/IMG_5786-2-1536x1536.jpg 1536w\" sizes=\"auto, (max-width: 145px) 100vw, 145px\" \/><\/figure>\r\n<\/div>\r\n\r\n\r\n\r\n<p><span style=\"color: #000000;\"><strong><span class=\"has-inline-color has-black-color\">Adrien, 17 ans l\u2019artiste de la famille, le r\u00eaveur. cette fois il continue ses \u00e9tudes de ferronnerie d\u2019art chez les grands-parents.\u00a0 Il a ador\u00e9 sa premi\u00e8re aventure mais repartira seul ou entre potes plus tard.<\/span><\/strong><\/span><\/p>\r\n\r\n\r\n\r\n<div class=\"wp-block-image\">\r\n<figure class=\"aligncenter is-resized\"><img loading=\"lazy\" decoding=\"async\" class=\"wp-image-2812\" src=\"https:\/\/i1.wp.com\/lesghuidussenvadrouille.fr\/wp-content\/uploads\/2020\/09\/120492170_1049744358807049_6814761836390817150_n-2.jpg?resize=150%2C150\" alt=\"\" width=\"142\" height=\"142\" srcset=\"https:\/\/lesghuidussenvadrouille.fr\/wp-content\/uploads\/2020\/09\/120492170_1049744358807049_6814761836390817150_n-2.jpg 243w, https:\/\/lesghuidussenvadrouille.fr\/wp-content\/uploads\/2020\/09\/120492170_1049744358807049_6814761836390817150_n-2-150x150.jpg 150w\" sizes=\"auto, (max-width: 142px) 100vw, 142px\" \/><\/figure>\r\n<\/div>\r\n\r\n\r\n\r\n<p><span style=\"color: #000000;\"><strong><span class=\"has-inline-color has-black-color\">Alexi, 20 ans,\u00a0D\u00e9conneur, aime bouger. Se cherche en faisant plusieurs formations.<\/span><\/strong><\/span><\/p>\r\n\r\n\r\n\r\n<div class=\"wp-block-image\">\r\n<figure class=\"aligncenter is-resized\"><img loading=\"lazy\" decoding=\"async\" class=\"wp-image-2813\" src=\"https:\/\/i0.wp.com\/lesghuidussenvadrouille.fr\/wp-content\/uploads\/2020\/09\/120375044_1796800547134457_2770835357913761038_n-2.jpg?resize=150%2C150\" alt=\"\" width=\"144\" height=\"144\" srcset=\"https:\/\/lesghuidussenvadrouille.fr\/wp-content\/uploads\/2020\/09\/120375044_1796800547134457_2770835357913761038_n-2.jpg 520w, https:\/\/lesghuidussenvadrouille.fr\/wp-content\/uploads\/2020\/09\/120375044_1796800547134457_2770835357913761038_n-2-300x300.jpg 300w, https:\/\/lesghuidussenvadrouille.fr\/wp-content\/uploads\/2020\/09\/120375044_1796800547134457_2770835357913761038_n-2-150x150.jpg 150w\" sizes=\"auto, (max-width: 144px) 100vw, 144px\" \/><\/figure>\r\n<\/div>\r\n\r\n\r\n\r\n<p><strong><span class=\"has-inline-color has-black-color\">L<span style=\"color: #000000;\">o\u00efc, 22 ans vit sa propre vie, son appartement, son job sa copine\u2026Et il garde Happy.<\/span><\/span><\/strong> <span style=\"color: #000000;\">\r\n\r\n<\/span><\/p>\r\n<div class=\"wp-block-image\">\r\n<figure class=\"alignleft is-resized\"><span style=\"color: #000000;\"><img loading=\"lazy\" decoding=\"async\" class=\"wp-image-63\" src=\"https:\/\/i1.wp.com\/lesghuidussenvadrouille.fr\/wp-content\/uploads\/2017\/11\/IMG_20170206_134859-3-Copie.jpg?resize=150%2C150\" alt=\"\" width=\"146\" height=\"146\" srcset=\"https:\/\/lesghuidussenvadrouille.fr\/wp-content\/uploads\/2017\/11\/IMG_20170206_134859-3-Copie.jpg 1261w, https:\/\/lesghuidussenvadrouille.fr\/wp-content\/uploads\/2017\/11\/IMG_20170206_134859-3-Copie-150x150.jpg 150w, https:\/\/lesghuidussenvadrouille.fr\/wp-content\/uploads\/2017\/11\/IMG_20170206_134859-3-Copie-300x300.jpg 300w, https:\/\/lesghuidussenvadrouille.fr\/wp-content\/uploads\/2017\/11\/IMG_20170206_134859-3-Copie-768x768.jpg 768w, https:\/\/lesghuidussenvadrouille.fr\/wp-content\/uploads\/2017\/11\/IMG_20170206_134859-3-Copie-1024x1024.jpg 1024w\" sizes=\"auto, (max-width: 146px) 100vw, 146px\" \/><\/span><\/figure>\r\n<\/div>\r\n<p><span style=\"color: #000000;\">\r\n\r\n<\/span> <span style=\"color: #000000;\"><strong><span class=\"has-inline-color has-black-color\">Happy, cavalier King Charles de 8 ans. Il se fait vieux donc il ira\u00a0couler\u00a0des jours heureux chez\u00a0Lo\u00efc.<\/span><\/strong><\/span><\/p>\r\n","protected":false},"excerpt":{"rendered":"<p>Nous sommes une famille recompos\u00e9e: de 5 enfants, des parents et un petit chien. Nous partons cette fois vers l\u2019Asie, on verra jusqu\u2019ou nous irons (y a le m\u00e9chant virus Covid qui rode) . Mais cette fois-ci, nous partons \u00e0 3 Nina et nous les parents. &nbsp; Nina, 11 ans, pleine de vie, curieuse aime [&hellip;]<\/p>\n","protected":false},"author":1,"featured_media":0,"parent":0,"menu_order":0,"comment_status":"closed","ping_status":"closed","template":"","meta":{"footnotes":""},"class_list":["post-26","page","type-page","status-publish","hentry"],"_links":{"self":[{"href":"https:\/\/lesghuidussenvadrouille.fr\/index.php\/wp-json\/wp\/v2\/pages\/26","targetHints":{"allow":["GET"]}}],"collection":[{"href":"https:\/\/lesghuidussenvadrouille.fr\/index.php\/wp-json\/wp\/v2\/pages"}],"about":[{"href":"https:\/\/lesghuidussenvadrouille.fr\/index.php\/wp-json\/wp\/v2\/types\/page"}],"author":[{"embeddable":true,"href":"https:\/\/lesghuidussenvadrouille.fr\/index.php\/wp-json\/wp\/v2\/users\/1"}],"replies":[{"embeddable":true,"href":"https:\/\/lesghuidussenvadrouille.fr\/index.php\/wp-json\/wp\/v2\/comments?post=26"}],"version-history":[{"count":33,"href":"https:\/\/lesghuidussenvadrouille.fr\/index.php\/wp-json\/wp\/v2\/pages\/26\/revisions"}],"predecessor-version":[{"id":5539,"href":"https:\/\/lesghuidussenvadrouille.fr\/index.php\/wp-json\/wp\/v2\/pages\/26\/revisions\/5539"}],"wp:attachment":[{"href":"https:\/\/lesghuidussenvadrouille.fr\/index.php\/wp-json\/wp\/v2\/media?parent=26"}],"curies":[{"name":"wp","href":"https:\/\/api.w.org\/{rel}","templated":true}]}}