{"id":2851,"date":"2020-10-22T17:58:57","date_gmt":"2020-10-22T15:58:57","guid":{"rendered":"http:\/\/lesghuidussenvadrouille.fr\/?page_id=2851"},"modified":"2022-02-10T16:58:57","modified_gmt":"2022-02-10T15:58:57","slug":"pratique","status":"publish","type":"page","link":"https:\/\/lesghuidussenvadrouille.fr\/index.php\/pratique\/","title":{"rendered":"Pratique"},"content":{"rendered":"<p>Bienvenue dans nos infos pratiques, nous vous proposons de d\u00e9couvrir :<\/p>\n<p><a href=\"https:\/\/lesghuidussenvadrouille.fr\/index.php\/category\/preparation\/\" target=\"_blank\" rel=\"noopener\">Pr\u00e9parations\u00a0<\/a><\/p>\n<p><a href=\"https:\/\/lesghuidussenvadrouille.fr\/index.php\/category\/formalite-pays\/\" target=\"_blank\" rel=\"noopener\">Formalit\u00e9s pays<\/a><\/p>\n<p><a href=\"https:\/\/lesghuidussenvadrouille.fr\/index.php\/category\/budget-pays\/\" target=\"_blank\" rel=\"noopener\">Budgets pays 2021\/2022<\/a><\/p>\n<p><a href=\"https:\/\/lesghuidussenvadrouille.fr\/index.php\/category\/budget-par-pays\/\" target=\"_blank\" rel=\"noopener\">Budgets pays 2018<\/a><\/p>\n<p><a href=\"https:\/\/lesghuidussenvadrouille.fr\/index.php\/category\/sante\/\" target=\"_blank\" rel=\"noopener\">Sant\u00e9<\/a><\/p>\n<p><a href=\"https:\/\/lesghuidussenvadrouille.fr\/index.php\/category\/scolarite\/\" target=\"_blank\" rel=\"noopener\">Scolarit\u00e9<\/a><\/p>\n<p><a href=\"https:\/\/lesghuidussenvadrouille.fr\/index.php\/category\/happy\/\" target=\"_blank\" rel=\"noopener\">Happy le chien<\/a><\/p>\n<p><a href=\"https:\/\/lesghuidussenvadrouille.fr\/index.php\/category\/et-le-retour\/\" target=\"_blank\" rel=\"noopener\">Le retour comment \u00e7a se passe<\/a><\/p>\n<p><a href=\"https:\/\/lesghuidussenvadrouille.fr\/index.php\/category\/nos-adresses-couts-de-coeur\/\" target=\"_blank\" rel=\"noopener\">Coups de c\u0153ur<\/a><\/p>\n","protected":false},"excerpt":{"rendered":"<p>Bienvenue dans nos infos pratiques, nous vous proposons de d\u00e9couvrir : Pr\u00e9parations\u00a0 Formalit\u00e9s pays Budgets pays 2021\/2022 Budgets pays 2018 Sant\u00e9 Scolarit\u00e9 Happy le chien Le retour comment \u00e7a se passe Coups de c\u0153ur<\/p>\n","protected":false},"author":1,"featured_media":0,"parent":0,"menu_order":0,"comment_status":"closed","ping_status":"closed","template":"","meta":{"footnotes":""},"class_list":["post-2851","page","type-page","status-publish","hentry"],"_links":{"self":[{"href":"https:\/\/lesghuidussenvadrouille.fr\/index.php\/wp-json\/wp\/v2\/pages\/2851","targetHints":{"allow":["GET"]}}],"collection":[{"href":"https:\/\/lesghuidussenvadrouille.fr\/index.php\/wp-json\/wp\/v2\/pages"}],"about":[{"href":"https:\/\/lesghuidussenvadrouille.fr\/index.php\/wp-json\/wp\/v2\/types\/page"}],"author":[{"embeddable":true,"href":"https:\/\/lesghuidussenvadrouille.fr\/index.php\/wp-json\/wp\/v2\/users\/1"}],"replies":[{"embeddable":true,"href":"https:\/\/lesghuidussenvadrouille.fr\/index.php\/wp-json\/wp\/v2\/comments?post=2851"}],"version-history":[{"count":3,"href":"https:\/\/lesghuidussenvadrouille.fr\/index.php\/wp-json\/wp\/v2\/pages\/2851\/revisions"}],"predecessor-version":[{"id":5541,"href":"https:\/\/lesghuidussenvadrouille.fr\/index.php\/wp-json\/wp\/v2\/pages\/2851\/revisions\/5541"}],"wp:attachment":[{"href":"https:\/\/lesghuidussenvadrouille.fr\/index.php\/wp-json\/wp\/v2\/media?parent=2851"}],"curies":[{"name":"wp","href":"https:\/\/api.w.org\/{rel}","templated":true}]}}